{"id":581,"date":"2023-11-14T20:53:13","date_gmt":"2023-11-14T20:53:13","guid":{"rendered":"https:\/\/varrica.mx\/?page_id=581"},"modified":"2023-11-17T17:28:51","modified_gmt":"2023-11-17T17:28:51","slug":"nosotros","status":"publish","type":"page","link":"https:\/\/varrica.mx\/?page_id=581","title":{"rendered":"Nosotros"},"content":{"rendered":"\n\t<section class=\"section\" id=\"section_2073940946\">\n\t\t<div class=\"bg section-bg fill bg-fill  bg-loaded\" >\n\n\t\t\t\n\t\t\t\n\t\t\t\n\n\t\t<\/div>\n\n\t\t\n\n\t\t<div class=\"section-content relative\">\n\t\t\t\n\n<div class=\"row\"  id=\"row-2097036022\">\n\n\n\t<div id=\"col-1821994341\" class=\"col small-12 large-12\"  >\n\t\t\t\t<div class=\"col-inner text-center\"  >\n\t\t\t\n\t\t\t\n\n\t<div id=\"gap-899588508\" class=\"gap-element clearfix\" style=\"display:block; height:auto;\">\n\t\t\n<style>\n#gap-899588508 {\n  padding-top: 30px;\n}\n<\/style>\n\t<\/div>\n\t\n\n\t<div class=\"img has-hover x md-x lg-x y md-y lg-y\" id=\"image_1039156383\">\n\t\t\t\t\t\t\t\t<div class=\"img-inner dark\" >\n\t\t\t<img loading=\"lazy\" decoding=\"async\" width=\"1020\" height=\"277\" src=\"https:\/\/varrica.mx\/wp-content\/uploads\/2023\/08\/Logos_Varrica_1_negro-1024x278.png\" class=\"attachment-large size-large\" alt=\"\" srcset=\"https:\/\/varrica.mx\/wp-content\/uploads\/2023\/08\/Logos_Varrica_1_negro-1024x278.png 1024w, https:\/\/varrica.mx\/wp-content\/uploads\/2023\/08\/Logos_Varrica_1_negro-600x163.png 600w, https:\/\/varrica.mx\/wp-content\/uploads\/2023\/08\/Logos_Varrica_1_negro-300x81.png 300w, https:\/\/varrica.mx\/wp-content\/uploads\/2023\/08\/Logos_Varrica_1_negro-768x208.png 768w, https:\/\/varrica.mx\/wp-content\/uploads\/2023\/08\/Logos_Varrica_1_negro-1536x417.png 1536w, https:\/\/varrica.mx\/wp-content\/uploads\/2023\/08\/Logos_Varrica_1_negro.png 2012w\" sizes=\"auto, (max-width: 1020px) 100vw, 1020px\" \/>\t\t\t\t\t\t\n\t\t\t\t\t<\/div>\n\t\t\t\t\t\t\t\t\n<style>\n#image_1039156383 {\n  width: 48%;\n}\n<\/style>\n\t<\/div>\n\t\n\n\n\t\t<\/div>\n\t\t\t\t\t<\/div>\n\n\t\n\n<\/div>\n<div class=\"row\" style=\"max-width:1300px\" id=\"row-1303349913\">\n\n\n\t<div id=\"col-1123481025\" class=\"col medium-4 small-12 large-4\"  >\n\t\t\t\t<div class=\"col-inner\"  >\n\t\t\t\n\t\t\t\n\n\t<div class=\"img has-hover x md-x lg-x y md-y lg-y\" id=\"image_758205000\">\n\t\t\t\t\t\t\t\t<div class=\"img-inner dark\" >\n\t\t\t<img loading=\"lazy\" decoding=\"async\" width=\"574\" height=\"1024\" src=\"https:\/\/varrica.mx\/wp-content\/uploads\/2023\/11\/WhatsApp-Image-2023-11-10-at-4.37.27-PM-574x1024.jpeg\" class=\"attachment-large size-large\" alt=\"\" srcset=\"https:\/\/varrica.mx\/wp-content\/uploads\/2023\/11\/WhatsApp-Image-2023-11-10-at-4.37.27-PM-574x1024.jpeg 574w, https:\/\/varrica.mx\/wp-content\/uploads\/2023\/11\/WhatsApp-Image-2023-11-10-at-4.37.27-PM-168x300.jpeg 168w, https:\/\/varrica.mx\/wp-content\/uploads\/2023\/11\/WhatsApp-Image-2023-11-10-at-4.37.27-PM-768x1370.jpeg 768w, https:\/\/varrica.mx\/wp-content\/uploads\/2023\/11\/WhatsApp-Image-2023-11-10-at-4.37.27-PM-861x1536.jpeg 861w, https:\/\/varrica.mx\/wp-content\/uploads\/2023\/11\/WhatsApp-Image-2023-11-10-at-4.37.27-PM-600x1070.jpeg 600w, https:\/\/varrica.mx\/wp-content\/uploads\/2023\/11\/WhatsApp-Image-2023-11-10-at-4.37.27-PM.jpeg 897w\" sizes=\"auto, (max-width: 574px) 100vw, 574px\" \/>\t\t\t\t\t\t\n\t\t\t\t\t<\/div>\n\t\t\t\t\t\t\t\t\n<style>\n#image_758205000 {\n  width: 100%;\n}\n<\/style>\n\t<\/div>\n\t\n\n\n\t\t<\/div>\n\t\t\t\t\t<\/div>\n\n\t\n\n\t<div id=\"col-1802863139\" class=\"col medium-8 small-12 large-8\"  >\n\t\t\t\t<div class=\"col-inner\"  >\n\t\t\t\n\t\t\t\n\n\t<div id=\"text-2205603126\" class=\"text\">\n\t\t\n\n<h1><span style=\"font-size: 170%;\">\u00bfQuienes somos?<\/span><\/h1>\n\t\t\n<style>\n#text-2205603126 {\n  color: #09132c;\n}\n#text-2205603126 > * {\n  color: #09132c;\n}\n<\/style>\n\t<\/div>\n\t\n\t<div id=\"text-1064836310\" class=\"text\">\n\t\t\n\n<p><span style=\"font-size: 110%;\">Somos una empresa encargada a la venta (mayoreo y menudeo) y distribuci\u00f3n de los mejores licores y vinos en el mercado.<\/span><\/p>\n\t\t\n<style>\n#text-1064836310 {\n  color: #000000;\n}\n#text-1064836310 > * {\n  color: #000000;\n}\n<\/style>\n\t<\/div>\n\t\n\t<div id=\"text-3794741189\" class=\"text\">\n\t\t\n\n<h2><strong>Bodas y eventos<\/strong><\/h2>\n\t\t\n<style>\n#text-3794741189 {\n  color: #dd9933;\n}\n#text-3794741189 > * {\n  color: #dd9933;\n}\n<\/style>\n\t<\/div>\n\t\n\t<div id=\"text-483732720\" class=\"text\">\n\t\t\n\n<p><span style=\"font-size: 110%;\">Sea una boda elegante, un bautizo \u00edntimo o un emocionante cumplea\u00f1os, en Sabores Selectos sabemos que cada ocasi\u00f3n merece los mejores vinos y licores. Nuestros expertos le ayudar\u00e1n a seleccionar las bebidas perfectas para complementar su evento y hacerlo inolvidable<\/span><\/p>\n\t\t\n<style>\n#text-483732720 {\n  color: rgb(0,0,0);\n}\n#text-483732720 > * {\n  color: rgb(0,0,0);\n}\n<\/style>\n\t<\/div>\n\t\n\t<div id=\"gap-788576944\" class=\"gap-element clearfix\" style=\"display:block; height:auto;\">\n\t\t\n<style>\n#gap-788576944 {\n  padding-top: 30px;\n}\n<\/style>\n\t<\/div>\n\t\n\n\t<div id=\"text-1777084548\" class=\"text\">\n\t\t\n\n<h2>Consignaci\u00f3n para Mayor Comodidad<\/h2>\n\t\t\n<style>\n#text-1777084548 {\n  color: #dd9933;\n}\n#text-1777084548 > * {\n  color: #dd9933;\n}\n<\/style>\n\t<\/div>\n\t\n\t<div id=\"text-2373614517\" class=\"text\">\n\t\t\n\n<p><span style=\"font-size: 110%;\">Entendemos su negocio. Por eso, ofrecemos opciones de consignaci\u00f3n para que pueda tener nuestros productos en su inventario sin comprometer su presupuesto inicial.<\/span><\/p>\n<p><span style=\"font-size: 110%;\"><strong>\u00a1Hable con nosotros y descubra c\u00f3mo puede beneficiarse de esta opci\u00f3n!<\/strong><\/span><\/p>\n\t\t\n<style>\n#text-2373614517 {\n  color: rgb(0,0,0);\n}\n#text-2373614517 > * {\n  color: rgb(0,0,0);\n}\n<\/style>\n\t<\/div>\n\t\n\t<div class=\"img has-hover x md-x lg-x y md-y lg-y\" id=\"image_837019825\">\n\t\t\t\t\t\t\t\t<div class=\"img-inner dark\" >\n\t\t\t<img loading=\"lazy\" decoding=\"async\" width=\"1020\" height=\"256\" src=\"https:\/\/varrica.mx\/wp-content\/uploads\/2023\/11\/Banner_Rappi-1024x257.jpg\" class=\"attachment-large size-large\" alt=\"\" srcset=\"https:\/\/varrica.mx\/wp-content\/uploads\/2023\/11\/Banner_Rappi-1024x257.jpg 1024w, https:\/\/varrica.mx\/wp-content\/uploads\/2023\/11\/Banner_Rappi-300x75.jpg 300w, https:\/\/varrica.mx\/wp-content\/uploads\/2023\/11\/Banner_Rappi-768x193.jpg 768w, https:\/\/varrica.mx\/wp-content\/uploads\/2023\/11\/Banner_Rappi-1536x386.jpg 1536w, https:\/\/varrica.mx\/wp-content\/uploads\/2023\/11\/Banner_Rappi-600x151.jpg 600w, https:\/\/varrica.mx\/wp-content\/uploads\/2023\/11\/Banner_Rappi.jpg 1900w\" sizes=\"auto, (max-width: 1020px) 100vw, 1020px\" \/>\t\t\t\t\t\t\n\t\t\t\t\t<\/div>\n\t\t\t\t\t\t\t\t\n<style>\n#image_837019825 {\n  width: 100%;\n}\n<\/style>\n\t<\/div>\n\t\n\n\n\t\t<\/div>\n\t\t\t\t\t<\/div>\n\n\t\n\n<\/div>\n\n\t\t<\/div>\n\n\t\t\n<style>\n#section_2073940946 {\n  padding-top: 30px;\n  padding-bottom: 30px;\n}\n#section_2073940946 .ux-shape-divider--top svg {\n  height: 150px;\n  --divider-top-width: 100%;\n}\n#section_2073940946 .ux-shape-divider--bottom svg {\n  height: 150px;\n  --divider-width: 100%;\n}\n<\/style>\n\t<\/section>\n\t\n\n","protected":false},"excerpt":{"rendered":"","protected":false},"author":1,"featured_media":0,"parent":0,"menu_order":0,"comment_status":"closed","ping_status":"closed","template":"page-blank.php","meta":{"footnotes":""},"class_list":["post-581","page","type-page","status-publish","hentry"],"_links":{"self":[{"href":"https:\/\/varrica.mx\/index.php?rest_route=\/wp\/v2\/pages\/581","targetHints":{"allow":["GET"]}}],"collection":[{"href":"https:\/\/varrica.mx\/index.php?rest_route=\/wp\/v2\/pages"}],"about":[{"href":"https:\/\/varrica.mx\/index.php?rest_route=\/wp\/v2\/types\/page"}],"author":[{"embeddable":true,"href":"https:\/\/varrica.mx\/index.php?rest_route=\/wp\/v2\/users\/1"}],"replies":[{"embeddable":true,"href":"https:\/\/varrica.mx\/index.php?rest_route=%2Fwp%2Fv2%2Fcomments&post=581"}],"version-history":[{"count":6,"href":"https:\/\/varrica.mx\/index.php?rest_route=\/wp\/v2\/pages\/581\/revisions"}],"predecessor-version":[{"id":635,"href":"https:\/\/varrica.mx\/index.php?rest_route=\/wp\/v2\/pages\/581\/revisions\/635"}],"wp:attachment":[{"href":"https:\/\/varrica.mx\/index.php?rest_route=%2Fwp%2Fv2%2Fmedia&parent=581"}],"curies":[{"name":"wp","href":"https:\/\/api.w.org\/{rel}","templated":true}]}}